{"id":2543,"date":"2022-06-30T13:46:33","date_gmt":"2022-06-30T11:46:33","guid":{"rendered":"https:\/\/trainers2.beardydev.pl\/mi-cuenta\/"},"modified":"2022-11-09T22:31:53","modified_gmt":"2022-11-09T21:31:53","slug":"mi-cuenta","status":"publish","type":"page","link":"https:\/\/trainers2.beardydev.pl\/es\/mi-cuenta\/","title":{"rendered":"Mi cuenta"},"content":{"rendered":"\t\t<div data-elementor-type=\"wp-page\" data-elementor-id=\"2543\" class=\"elementor elementor-2543 elementor-850\">\n\t\t\t\t\t\t\t<div class=\"elementor-element elementor-element-ff7bdfb e-con-boxed e-con\" data-id=\"ff7bdfb\" data-element_type=\"container\" data-settings=\"{&quot;content_width&quot;:&quot;boxed&quot;}\">\n\t\t\t\t\t<div class=\"e-con-inner\">\n\t\t\t\t\t<\/div>\n\t\t\t\t<\/div>\n\t\t\t\t\t\t\t<\/div>\n\t\t","protected":false},"excerpt":{"rendered":"<p>[[woocommerce_my_account]] My account Dashboard Orders Downloads Addresses Metody p\u0142atno\u015bci Account Details Logout Hello Pawe\u0142 Gr\u0119bowiec Hello Pawe\u0142 Gr\u0119bowiec (not Pawe\u0142 Gr\u0119bowiec? Log out) From your&hellip;<\/p>\n","protected":false},"author":2,"featured_media":0,"parent":0,"menu_order":0,"comment_status":"closed","ping_status":"closed","template":"elementor_header_footer","meta":[],"categories":[],"tags":[],"acf":[],"_links":{"self":[{"href":"https:\/\/trainers2.beardydev.pl\/es\/wp-json\/wp\/v2\/pages\/2543"}],"collection":[{"href":"https:\/\/trainers2.beardydev.pl\/es\/wp-json\/wp\/v2\/pages"}],"about":[{"href":"https:\/\/trainers2.beardydev.pl\/es\/wp-json\/wp\/v2\/types\/page"}],"author":[{"embeddable":true,"href":"https:\/\/trainers2.beardydev.pl\/es\/wp-json\/wp\/v2\/users\/2"}],"replies":[{"embeddable":true,"href":"https:\/\/trainers2.beardydev.pl\/es\/wp-json\/wp\/v2\/comments?post=2543"}],"version-history":[{"count":0,"href":"https:\/\/trainers2.beardydev.pl\/es\/wp-json\/wp\/v2\/pages\/2543\/revisions"}],"wp:attachment":[{"href":"https:\/\/trainers2.beardydev.pl\/es\/wp-json\/wp\/v2\/media?parent=2543"}],"wp:term":[{"taxonomy":"category","embeddable":true,"href":"https:\/\/trainers2.beardydev.pl\/es\/wp-json\/wp\/v2\/categories?post=2543"},{"taxonomy":"post_tag","embeddable":true,"href":"https:\/\/trainers2.beardydev.pl\/es\/wp-json\/wp\/v2\/tags?post=2543"}],"curies":[{"name":"wp","href":"https:\/\/api.w.org\/{rel}","templated":true}]}}